{"id":35,"date":"2025-08-04T17:23:53","date_gmt":"2025-08-04T17:23:53","guid":{"rendered":"https:\/\/montajesinfouz.com\/servicios\/"},"modified":"2025-08-19T18:29:11","modified_gmt":"2025-08-19T18:29:11","slug":"servicios","status":"publish","type":"page","link":"https:\/\/montajesinfouz.com\/en\/servicios\/","title":{"rendered":"Servicios"},"content":{"rendered":"<div class=\"wp-block-group alignfull hostinger-ai-our-services-2 hostinger-ai-fade-up has-color-2-background-color has-background has-global-padding is-layout-constrained wp-block-group-is-layout-constrained\" data-aos=\"fade-up\" style=\"margin-bottom:0;padding-top:var(--wp--preset--spacing--60);padding-bottom:var(--wp--preset--spacing--60)\">\n<div class=\"wp-block-group alignwide hostinger-ai-fade-up has-global-padding is-content-justification-left is-layout-constrained wp-container-core-group-is-layout-12dd3699 wp-block-group-is-layout-constrained\" data-aos=\"fade-up\">\n<h2 class=\"wp-block-heading is-style-default hostinger-ai-title has-light-color has-text-color has-link-color has-x-large-font-size wp-elements-d6efc0118cb15db6a332aa00c1756b1e\" style=\"margin-bottom:var(--wp--preset--spacing--50)\">Montajes de Ordenadores<\/h2>\n\n\n\n<div class=\"wp-block-group alignwide hostinger-ai-fade-up is-layout-grid wp-container-core-group-is-layout-88c98fc8 wp-block-group-is-layout-grid\" data-aos=\"fade-up\">\n<div class=\"wp-block-group hostinger-ai-fade-up has-global-padding is-layout-constrained wp-container-core-group-is-layout-29a8626f wp-block-group-is-layout-constrained\" data-aos=\"fade-up\" style=\"padding-top:0;padding-right:var(--wp--preset--spacing--20);padding-bottom:0;padding-left:var(--wp--preset--spacing--20)\">\n<figure class=\"wp-block-image size-full has-custom-border hostinger-ai-service-image\"><img decoding=\"async\" src=\"https:\/\/images.unsplash.com\/photo-1676139033955-7985ab3d76b8?q=85&amp;w=340&amp;h=340&amp;fit=crop\" alt=\"A collection of computer hardware components is arranged on a light surface. There is a large metal CPU cooler with multiple heat pipes on the left side. In the background, a brown and beige computer fan is visible, along with a tube of thermal paste. Several screws, rubber grommets, and mounting brackets are scattered around. Additionally, there is a blue keychain with the 'Core i9' logo prominently displayed.\" class=\"wp-image-160\" style=\"border-radius:20px\"\/><\/figure>\n\n\n\n<p class=\"hostinger-ai-service-description has-light-color has-text-color has-link-color has-medium-font-size wp-elements-1cff602e95aa740aff7223798ee1c627\" style=\"margin-top:var(--wp--preset--spacing--40)\">Ofrecemos soluciones personalizadas para el montaje de ordenadores seg\u00fan tus necesidades espec\u00edficas.<\/p>\n<\/div>\n\n\n\n<div class=\"wp-block-group hostinger-ai-fade-up has-global-padding is-layout-constrained wp-container-core-group-is-layout-c9115f92 wp-block-group-is-layout-constrained\" data-aos=\"fade-up\" style=\"padding-right:var(--wp--preset--spacing--20);padding-left:var(--wp--preset--spacing--20)\">\n<figure class=\"wp-block-image size-full has-custom-border hostinger-ai-service-image hostinger-index-1\"><img decoding=\"async\" src=\"https:\/\/images.unsplash.com\/photo-1532186773960-85649e5cb70b?q=85&amp;w=340&amp;h=340&amp;fit=crop\" alt=\"A machine is assembling or inspecting a circuit board. Various electronic components are visible, and the process seems to be automated with precision equipment.\" class=\"wp-image-160\" style=\"border-radius:20px\"\/><\/figure>\n\n\n\n<p class=\"hostinger-ai-service-description hostinger-index-1 has-light-color has-text-color has-link-color has-medium-font-size wp-elements-ff7d3b27a83b3b44c121236a94add8b6\" style=\"margin-top:var(--wp--preset--spacing--40)\">Contamos con opciones para ofim\u00e1tica, gaming y alto rendimiento, adaptadas a ti.<\/p>\n<\/div>\n\n\n\n<div class=\"wp-block-group hostinger-ai-fade-up has-global-padding is-layout-constrained wp-container-core-group-is-layout-c9115f92 wp-block-group-is-layout-constrained\" data-aos=\"fade-up\" style=\"padding-right:var(--wp--preset--spacing--20);padding-left:var(--wp--preset--spacing--20)\">\n<figure class=\"wp-block-image size-full has-custom-border hostinger-ai-service-image hostinger-index-2\"><img decoding=\"async\" src=\"https:\/\/images.unsplash.com\/photo-1676736173406-60b5f2e51845?q=85&amp;w=340&amp;h=340&amp;fit=crop\" alt=\"An open computer case reveals various internal components including a graphics card labeled 'Geforce GTX', a power supply unit marked 'XP800 800W', and a cooling fan. There are several visible cables and wires, some of which are neatly organized. The build appears clean and professionally assembled.\" class=\"wp-image-160\" style=\"border-radius:20px\"\/><\/figure>\n\n\n\n<p class=\"hostinger-ai-service-description hostinger-index-2 has-light-color has-text-color has-link-color has-medium-font-size wp-elements-a620b8d7e9fc4eab46ea532c26866979\" style=\"margin-top:var(--wp--preset--spacing--40)\">Explora nuestros modelos preestablecidos y elige el que mejor se ajuste a tus requerimientos.<\/p>\n<\/div>\n<\/div>\n<\/div>\n<\/div>\n\n\n\n<div class=\"wp-block-group alignfull hostinger-ai-our-projects-5 hostinger-ai-fade-up has-global-padding is-layout-constrained wp-block-group-is-layout-constrained\" data-aos=\"fade-up\">\n<div class=\"wp-block-group alignwide hostinger-ai-fade-up has-global-padding is-content-justification-left is-layout-constrained wp-container-core-group-is-layout-12dd3699 wp-block-group-is-layout-constrained\" data-aos=\"fade-up\">\n<h2 class=\"wp-block-heading is-style-default hostinger-ai-title has-dark-color has-text-color has-link-color has-x-large-font-size wp-elements-8a0eb61e218d0c246b8c9a9fe259a088\" style=\"margin-bottom:var(--wp--preset--spacing--50)\">Montaje de Ordenadores<\/h2>\n\n\n\n<div class=\"wp-block-columns alignwide is-layout-flex wp-container-core-columns-is-layout-a5cf46d6 wp-block-columns-is-layout-flex\" style=\"margin-bottom:var(--wp--preset--spacing--40)\">\n<div class=\"wp-block-column is-layout-flow wp-block-column-is-layout-flow\" style=\"flex-basis:40%\">\n<div class=\"wp-block-group hostinger-ai-fade-up has-global-padding is-layout-constrained wp-container-core-group-is-layout-29a8626f wp-block-group-is-layout-constrained\" data-aos=\"fade-up\" style=\"padding-top:0;padding-right:var(--wp--preset--spacing--20);padding-bottom:0;padding-left:var(--wp--preset--spacing--20)\">\n<figure class=\"wp-block-image size-full has-custom-border hostinger-ai-project-image hostinger-index-10\"><img decoding=\"async\" src=\"https:\/\/images.unsplash.com\/photo-1679148785151-80c72952bef3?q=85&amp;w=410&amp;h=335&amp;fit=crop\" alt=\"A computer motherboard with an AMD CPU cooler prominently displayed. The board includes various components such as RAM slots, power connectors, and a graphics card. The wiring is visible, with colored cables neatly arranged.\" class=\"wp-image-671\" style=\"border-radius:20px\"\/><\/figure>\n\n\n\n<p class=\"has-text-align-left hostinger-ai-project-title hostinger-ai-font-bold has-dark-color has-text-color has-link-color has-medium-font-size wp-elements-c6d9905ae5dd75ebf0b1694e88222e86\" style=\"margin-top:var(--wp--preset--spacing--40)\">Opciones Personalizadas Disponibles<\/p>\n\n\n\n<p class=\"has-text-align-left hostinger-ai-project-description has-dark-color has-text-color has-link-color has-medium-font-size wp-elements-c7b6d3e8629e36246aa6ae1fbb3c0daa\" style=\"margin-top:var(--wp--preset--spacing--40);padding-right:var(--wp--preset--spacing--60)\">Ofrecemos una variedad de modelos de ordenadores, adaptados a tus necesidades, desde ofim\u00e1tica hasta gaming, asegurando un rendimiento \u00f3ptimo y una experiencia de usuario excepcional.<\/p>\n<\/div>\n<\/div>\n\n\n\n<div class=\"wp-block-column is-layout-flow wp-block-column-is-layout-flow\" style=\"flex-basis:60%\">\n<div class=\"wp-block-group hostinger-ai-fade-up has-global-padding is-layout-constrained wp-container-core-group-is-layout-29a8626f wp-block-group-is-layout-constrained\" data-aos=\"fade-up\" style=\"padding-top:0;padding-right:var(--wp--preset--spacing--20);padding-bottom:0;padding-left:var(--wp--preset--spacing--20)\">\n<figure class=\"wp-block-image size-full has-custom-border hostinger-ai-project-image hostinger-index-11\"><img decoding=\"async\" src=\"https:\/\/images.unsplash.com\/photo-1554372530-83910a0eb235?q=85&amp;w=625&amp;h=335&amp;fit=crop\" alt=\"A close-up view of a computer's internal components, featuring a large CPU fan and several illuminated circuit boards. The lighting casts a bluish glow, highlighting the intricate details and branding of the motherboard, including labels like 'MSI' and 'AMD'.\" class=\"wp-image-673\" style=\"border-radius:20px\"\/><\/figure>\n\n\n\n<p class=\"has-text-align-left hostinger-ai-project-title hostinger-ai-font-bold hostinger-index-1 has-dark-color has-text-color has-link-color has-medium-font-size wp-elements-902e07f28315d618f101dd07ea526065\" style=\"margin-top:var(--wp--preset--spacing--40)\">Soluciones para Todos<\/p>\n\n\n\n<p class=\"has-text-align-left hostinger-ai-project-description hostinger-index-1 has-dark-color has-text-color has-link-color has-medium-font-size wp-elements-b5599403503e88a2a29a8fccec6f4a2b\" style=\"margin-top:var(--wp--preset--spacing--40);padding-right:var(--wp--preset--spacing--60)\">Nuestros servicios incluyen configuraciones espec\u00edficas para usuarios avanzados, garantizando que cada cliente encuentre la opci\u00f3n perfecta que se ajuste a sus requerimientos y presupuesto.<\/p>\n<\/div>\n<\/div>\n<\/div>\n\n\n\n<div class=\"wp-block-columns alignwide is-layout-flex wp-container-core-columns-is-layout-28f84493 wp-block-columns-is-layout-flex\">\n<div class=\"wp-block-column is-layout-flow wp-block-column-is-layout-flow\" style=\"flex-basis:60%\">\n<div class=\"wp-block-group hostinger-ai-fade-up has-global-padding is-layout-constrained wp-container-core-group-is-layout-29a8626f wp-block-group-is-layout-constrained\" data-aos=\"fade-up\" style=\"padding-top:0;padding-right:var(--wp--preset--spacing--20);padding-bottom:0;padding-left:var(--wp--preset--spacing--20)\">\n<figure class=\"wp-block-image size-full has-custom-border hostinger-ai-project-image hostinger-index-12\"><img decoding=\"async\" src=\"https:\/\/images.unsplash.com\/photo-1487463664433-abca539a453e?q=85&amp;w=625&amp;h=335&amp;fit=crop\" alt=\"An open computer case with visible internal components, including a cooling fan, a Corsair liquid cooler, MSI graphics cards, RAM modules, and a power supply unit. The components are neatly arranged with power and data cables connected to different parts.\" class=\"wp-image-673\" style=\"border-radius:20px\"\/><\/figure>\n\n\n\n<p class=\"has-text-align-left hostinger-ai-project-title hostinger-ai-font-bold hostinger-index-2 has-dark-color has-text-color has-link-color has-medium-font-size wp-elements-87efe1cede7ad99b8d820c04a1c97955\" style=\"margin-top:var(--wp--preset--spacing--40)\">Ordenadores de Alto Rendimiento<\/p>\n\n\n\n<p class=\"has-text-align-left hostinger-ai-project-description hostinger-index-2 has-dark-color has-text-color has-link-color has-medium-font-size wp-elements-183a8db9efa16b1b7807287d91e0b0ee\" style=\"margin-top:var(--wp--preset--spacing--40);padding-right:var(--wp--preset--spacing--60)\">Dise\u00f1amos ordenadores de alto rendimiento, ideales para tareas exigentes, asegurando que cada componente est\u00e9 optimizado para ofrecer la mejor experiencia en cualquier tipo de aplicaci\u00f3n.<\/p>\n<\/div>\n<\/div>\n\n\n\n<div class=\"wp-block-column is-layout-flow wp-block-column-is-layout-flow\" style=\"flex-basis:40%\">\n<div class=\"wp-block-group hostinger-ai-fade-up has-global-padding is-layout-constrained wp-container-core-group-is-layout-29a8626f wp-block-group-is-layout-constrained\" data-aos=\"fade-up\" style=\"padding-top:0;padding-right:var(--wp--preset--spacing--20);padding-bottom:0;padding-left:var(--wp--preset--spacing--20)\">\n<figure class=\"wp-block-image size-full has-custom-border hostinger-ai-project-image hostinger-index-13\"><img decoding=\"async\" src=\"https:\/\/images.unsplash.com\/photo-1579803168094-b93f4b2e58c1?q=85&amp;w=410&amp;h=335&amp;fit=crop\" alt=\"A person is assembling or inspecting a green printed circuit board (PCB) with various components mounted on it. The setting appears to be an industrial or technical environment.\" class=\"wp-image-671\" style=\"border-radius:20px\"\/><\/figure>\n\n\n\n<p class=\"has-text-align-left hostinger-ai-project-title hostinger-ai-font-bold hostinger-index-3 has-dark-color has-text-color has-link-color has-medium-font-size wp-elements-3ec82b2e32e653387a7ad4d20db3f2ba\" style=\"margin-top:var(--wp--preset--spacing--40)\">Ordenadores Gaming a medida<\/p>\n\n\n\n<p class=\"has-text-align-left hostinger-ai-project-description hostinger-index-3 has-dark-color has-text-color has-link-color has-medium-font-size wp-elements-0cec3760dd1b3bfd8297cbab7d2f45d7\" style=\"margin-top:var(--wp--preset--spacing--40);padding-right:var(--wp--preset--spacing--60)\">Creamos configuraciones de gaming personalizadas, con opciones de hardware de \u00faltima generaci\u00f3n, para que disfrutes de tus juegos favoritos con la m\u00e1xima calidad y fluidez en cada partida.<\/p>\n<\/div>\n<\/div>\n<\/div>\n<\/div>\n<\/div>\n\n\n\n<div class=\"wp-block-group alignfull hostinger-ai-solid-block hostinger-ai-fade-up has-color-1-background-color has-background has-global-padding is-layout-constrained wp-block-group-is-layout-constrained\" data-aos=\"fade-up\" style=\"padding-top:var(--wp--preset--spacing--60);padding-bottom:var(--wp--preset--spacing--60)\">\n<div class=\"wp-block-group alignwide hostinger-ai-fade-up is-vertical is-content-justification-center is-nowrap is-layout-flex wp-container-core-group-is-layout-4cc6ee0a wp-block-group-is-layout-flex\" data-aos=\"fade-up\" style=\"min-height:0px;padding-top:0;padding-bottom:0\">\n<div class=\"wp-block-group hostinger-ai-fade-up wp-container-content-69bc4bdf has-global-padding is-content-justification-center is-layout-constrained wp-container-core-group-is-layout-78267832 wp-block-group-is-layout-constrained\" data-aos=\"fade-up\">\n<h2 class=\"wp-block-heading has-text-align-center hostinger-ai-title has-dark-color has-text-color has-link-color has-x-large-font-size wp-elements-d57f6dac4deae4d4418e3f5979bf5b3a\" style=\"margin-top:0;margin-right:0;margin-bottom:0;margin-left:0\">Montajes Personalizados<\/h2>\n\n\n\n<p class=\"has-text-align-center hostinger-ai-description has-dark-color has-text-color has-link-color has-medium-font-size wp-elements-4f29283147110927e235e89a277b7cbf\" style=\"margin-top:var(--wp--preset--spacing--20);margin-bottom:var(--wp--preset--spacing--50)\">Descubre nuestros modelos de ordenadores, dise\u00f1ados para cada necesidad. Encuentra la opci\u00f3n perfecta para ti hoy mismo.<\/p>\n\n\n\n<div class=\"wp-block-buttons is-content-justification-center is-layout-flex wp-container-core-buttons-is-layout-a89b3969 wp-block-buttons-is-layout-flex\">\n<div class=\"wp-block-button hostinger-ai-cta-button\"><a class=\"wp-block-button__link has-dark-color has-contrast-background-color has-text-color has-background has-link-color has-border-color has-medium-font-size has-custom-font-size wp-element-button\" href=\"https:\/\/tienda.montajesinfouz.com\/\" style=\"border-color:#0d141a;border-width:1px;border-radius:50px;padding-top:var(--wp--preset--spacing--30);padding-right:var(--wp--preset--spacing--70);padding-bottom:var(--wp--preset--spacing--30);padding-left:var(--wp--preset--spacing--70);box-shadow:none\">Escoge<\/a><\/div>\n<\/div>\n<\/div>\n<\/div>\n<\/div>\n\n\n\n<p><\/p>\n\n\n\n<figure class=\"wp-block-image aligncenter size-large\"><img loading=\"lazy\" decoding=\"async\" width=\"1024\" height=\"96\" src=\"http:\/\/montajesinfouz.com\/wp-content\/uploads\/2025\/08\/Publicidad-Kit-Digital-scaled-1-1024x96.jpg\" alt=\"\" class=\"wp-image-52\" srcset=\"https:\/\/montajesinfouz.com\/wp-content\/uploads\/2025\/08\/Publicidad-Kit-Digital-scaled-1-1024x96.jpg 1024w, https:\/\/montajesinfouz.com\/wp-content\/uploads\/2025\/08\/Publicidad-Kit-Digital-scaled-1-300x28.jpg 300w, https:\/\/montajesinfouz.com\/wp-content\/uploads\/2025\/08\/Publicidad-Kit-Digital-scaled-1-768x72.jpg 768w, https:\/\/montajesinfouz.com\/wp-content\/uploads\/2025\/08\/Publicidad-Kit-Digital-scaled-1-1536x143.jpg 1536w, https:\/\/montajesinfouz.com\/wp-content\/uploads\/2025\/08\/Publicidad-Kit-Digital-scaled-1-2048x191.jpg 2048w\" sizes=\"auto, (max-width: 1024px) 100vw, 1024px\" \/><\/figure>","protected":false},"excerpt":{"rendered":"<p>Montajes de Ordenadores Ofrecemos soluciones personalizadas para el montaje de ordenadores seg\u00fan tus necesidades espec\u00edficas. Contamos con opciones para ofim\u00e1tica, gaming y alto rendimiento, adaptadas a ti. Explora nuestros modelos preestablecidos y elige el que mejor se ajuste a tus requerimientos. Montaje de Ordenadores Opciones Personalizadas Disponibles Ofrecemos una variedad de modelos de ordenadores, adaptados [&hellip;]<\/p>\n","protected":false},"author":1,"featured_media":0,"parent":0,"menu_order":0,"comment_status":"closed","ping_status":"closed","template":"","meta":{"footnotes":""},"class_list":["post-35","page","type-page","status-publish","hentry"],"yoast_head":"<!-- This site is optimized with the Yoast SEO plugin v27.3 - https:\/\/yoast.com\/product\/yoast-seo-wordpress\/ -->\n<title>Nuestros Servicios | Montajes InFouz<\/title>\n<meta name=\"description\" content=\"Descubre todos nuestros servicios con los que ayudarte a montar un ordenador para ofim\u00e1tica, uso avanzado y gamming seg\u00fan tus necesidades\" \/>\n<meta name=\"robots\" content=\"index, follow, max-snippet:-1, max-image-preview:large, max-video-preview:-1\" \/>\n<link rel=\"canonical\" href=\"https:\/\/montajesinfouz.com\/en\/servicios\/\" \/>\n<meta property=\"og:locale\" content=\"en_US\" \/>\n<meta property=\"og:type\" content=\"article\" \/>\n<meta property=\"og:title\" content=\"Nuestros Servicios | Montajes InFouz\" \/>\n<meta property=\"og:description\" content=\"Descubre todos nuestros servicios con los que ayudarte a montar un ordenador para ofim\u00e1tica, uso avanzado y gamming seg\u00fan tus necesidades\" \/>\n<meta property=\"og:url\" content=\"https:\/\/montajesinfouz.com\/en\/servicios\/\" \/>\n<meta property=\"og:site_name\" content=\"Montajes InFouz\" \/>\n<meta property=\"article:modified_time\" content=\"2025-08-19T18:29:11+00:00\" \/>\n<meta name=\"twitter:card\" content=\"summary_large_image\" \/>\n<meta name=\"twitter:label1\" content=\"Est. reading time\" \/>\n\t<meta name=\"twitter:data1\" content=\"3 minutes\" \/>\n<script type=\"application\/ld+json\" class=\"yoast-schema-graph\">{\"@context\":\"https:\\\/\\\/schema.org\",\"@graph\":[{\"@type\":\"WebPage\",\"@id\":\"https:\\\/\\\/montajesinfouz.com\\\/servicios\\\/\",\"url\":\"https:\\\/\\\/montajesinfouz.com\\\/servicios\\\/\",\"name\":\"Nuestros Servicios | Montajes InFouz\",\"isPartOf\":{\"@id\":\"https:\\\/\\\/montajesinfouz.com\\\/#website\"},\"primaryImageOfPage\":{\"@id\":\"https:\\\/\\\/montajesinfouz.com\\\/servicios\\\/#primaryimage\"},\"image\":{\"@id\":\"https:\\\/\\\/montajesinfouz.com\\\/servicios\\\/#primaryimage\"},\"thumbnailUrl\":\"https:\\\/\\\/images.unsplash.com\\\/photo-1676139033955-7985ab3d76b8?q=85&amp;w=340&amp;h=340&amp;fit=crop\",\"datePublished\":\"2025-08-04T17:23:53+00:00\",\"dateModified\":\"2025-08-19T18:29:11+00:00\",\"description\":\"Descubre todos nuestros servicios con los que ayudarte a montar un ordenador para ofim\u00e1tica, uso avanzado y gamming seg\u00fan tus necesidades\",\"breadcrumb\":{\"@id\":\"https:\\\/\\\/montajesinfouz.com\\\/servicios\\\/#breadcrumb\"},\"inLanguage\":\"en-US\",\"potentialAction\":[{\"@type\":\"ReadAction\",\"target\":[\"https:\\\/\\\/montajesinfouz.com\\\/servicios\\\/\"]}]},{\"@type\":\"ImageObject\",\"inLanguage\":\"en-US\",\"@id\":\"https:\\\/\\\/montajesinfouz.com\\\/servicios\\\/#primaryimage\",\"url\":\"https:\\\/\\\/images.unsplash.com\\\/photo-1676139033955-7985ab3d76b8?q=85&amp;w=340&amp;h=340&amp;fit=crop\",\"contentUrl\":\"https:\\\/\\\/images.unsplash.com\\\/photo-1676139033955-7985ab3d76b8?q=85&amp;w=340&amp;h=340&amp;fit=crop\"},{\"@type\":\"BreadcrumbList\",\"@id\":\"https:\\\/\\\/montajesinfouz.com\\\/servicios\\\/#breadcrumb\",\"itemListElement\":[{\"@type\":\"ListItem\",\"position\":1,\"name\":\"Portada\",\"item\":\"https:\\\/\\\/montajesinfouz.com\\\/\"},{\"@type\":\"ListItem\",\"position\":2,\"name\":\"Servicios\"}]},{\"@type\":\"WebSite\",\"@id\":\"https:\\\/\\\/montajesinfouz.com\\\/#website\",\"url\":\"https:\\\/\\\/montajesinfouz.com\\\/\",\"name\":\"Montajes InFouz\",\"description\":\"\",\"publisher\":{\"@id\":\"https:\\\/\\\/montajesinfouz.com\\\/#organization\"},\"potentialAction\":[{\"@type\":\"SearchAction\",\"target\":{\"@type\":\"EntryPoint\",\"urlTemplate\":\"https:\\\/\\\/montajesinfouz.com\\\/?s={search_term_string}\"},\"query-input\":{\"@type\":\"PropertyValueSpecification\",\"valueRequired\":true,\"valueName\":\"search_term_string\"}}],\"inLanguage\":\"en-US\"},{\"@type\":\"Organization\",\"@id\":\"https:\\\/\\\/montajesinfouz.com\\\/#organization\",\"name\":\"Montajes InFouz\",\"url\":\"https:\\\/\\\/montajesinfouz.com\\\/\",\"logo\":{\"@type\":\"ImageObject\",\"inLanguage\":\"en-US\",\"@id\":\"https:\\\/\\\/montajesinfouz.com\\\/#\\\/schema\\\/logo\\\/image\\\/\",\"url\":\"http:\\\/\\\/montajesinfouz.com\\\/wp-content\\\/uploads\\\/2025\\\/08\\\/Portada1.jpg\",\"contentUrl\":\"http:\\\/\\\/montajesinfouz.com\\\/wp-content\\\/uploads\\\/2025\\\/08\\\/Portada1.jpg\",\"width\":720,\"height\":720,\"caption\":\"Montajes InFouz\"},\"image\":{\"@id\":\"https:\\\/\\\/montajesinfouz.com\\\/#\\\/schema\\\/logo\\\/image\\\/\"}}]}<\/script>\n<!-- \/ Yoast SEO plugin. -->","yoast_head_json":{"title":"Nuestros Servicios | Montajes InFouz","description":"Descubre todos nuestros servicios con los que ayudarte a montar un ordenador para ofim\u00e1tica, uso avanzado y gamming seg\u00fan tus necesidades","robots":{"index":"index","follow":"follow","max-snippet":"max-snippet:-1","max-image-preview":"max-image-preview:large","max-video-preview":"max-video-preview:-1"},"canonical":"https:\/\/montajesinfouz.com\/en\/servicios\/","og_locale":"en_US","og_type":"article","og_title":"Nuestros Servicios | Montajes InFouz","og_description":"Descubre todos nuestros servicios con los que ayudarte a montar un ordenador para ofim\u00e1tica, uso avanzado y gamming seg\u00fan tus necesidades","og_url":"https:\/\/montajesinfouz.com\/en\/servicios\/","og_site_name":"Montajes InFouz","article_modified_time":"2025-08-19T18:29:11+00:00","twitter_card":"summary_large_image","twitter_misc":{"Est. reading time":"3 minutes"},"schema":{"@context":"https:\/\/schema.org","@graph":[{"@type":"WebPage","@id":"https:\/\/montajesinfouz.com\/servicios\/","url":"https:\/\/montajesinfouz.com\/servicios\/","name":"Nuestros Servicios | Montajes InFouz","isPartOf":{"@id":"https:\/\/montajesinfouz.com\/#website"},"primaryImageOfPage":{"@id":"https:\/\/montajesinfouz.com\/servicios\/#primaryimage"},"image":{"@id":"https:\/\/montajesinfouz.com\/servicios\/#primaryimage"},"thumbnailUrl":"https:\/\/images.unsplash.com\/photo-1676139033955-7985ab3d76b8?q=85&amp;w=340&amp;h=340&amp;fit=crop","datePublished":"2025-08-04T17:23:53+00:00","dateModified":"2025-08-19T18:29:11+00:00","description":"Descubre todos nuestros servicios con los que ayudarte a montar un ordenador para ofim\u00e1tica, uso avanzado y gamming seg\u00fan tus necesidades","breadcrumb":{"@id":"https:\/\/montajesinfouz.com\/servicios\/#breadcrumb"},"inLanguage":"en-US","potentialAction":[{"@type":"ReadAction","target":["https:\/\/montajesinfouz.com\/servicios\/"]}]},{"@type":"ImageObject","inLanguage":"en-US","@id":"https:\/\/montajesinfouz.com\/servicios\/#primaryimage","url":"https:\/\/images.unsplash.com\/photo-1676139033955-7985ab3d76b8?q=85&amp;w=340&amp;h=340&amp;fit=crop","contentUrl":"https:\/\/images.unsplash.com\/photo-1676139033955-7985ab3d76b8?q=85&amp;w=340&amp;h=340&amp;fit=crop"},{"@type":"BreadcrumbList","@id":"https:\/\/montajesinfouz.com\/servicios\/#breadcrumb","itemListElement":[{"@type":"ListItem","position":1,"name":"Portada","item":"https:\/\/montajesinfouz.com\/"},{"@type":"ListItem","position":2,"name":"Servicios"}]},{"@type":"WebSite","@id":"https:\/\/montajesinfouz.com\/#website","url":"https:\/\/montajesinfouz.com\/","name":"Montajes InFouz","description":"","publisher":{"@id":"https:\/\/montajesinfouz.com\/#organization"},"potentialAction":[{"@type":"SearchAction","target":{"@type":"EntryPoint","urlTemplate":"https:\/\/montajesinfouz.com\/?s={search_term_string}"},"query-input":{"@type":"PropertyValueSpecification","valueRequired":true,"valueName":"search_term_string"}}],"inLanguage":"en-US"},{"@type":"Organization","@id":"https:\/\/montajesinfouz.com\/#organization","name":"Montajes InFouz","url":"https:\/\/montajesinfouz.com\/","logo":{"@type":"ImageObject","inLanguage":"en-US","@id":"https:\/\/montajesinfouz.com\/#\/schema\/logo\/image\/","url":"http:\/\/montajesinfouz.com\/wp-content\/uploads\/2025\/08\/Portada1.jpg","contentUrl":"http:\/\/montajesinfouz.com\/wp-content\/uploads\/2025\/08\/Portada1.jpg","width":720,"height":720,"caption":"Montajes InFouz"},"image":{"@id":"https:\/\/montajesinfouz.com\/#\/schema\/logo\/image\/"}}]}},"_links":{"self":[{"href":"https:\/\/montajesinfouz.com\/en\/wp-json\/wp\/v2\/pages\/35","targetHints":{"allow":["GET"]}}],"collection":[{"href":"https:\/\/montajesinfouz.com\/en\/wp-json\/wp\/v2\/pages"}],"about":[{"href":"https:\/\/montajesinfouz.com\/en\/wp-json\/wp\/v2\/types\/page"}],"author":[{"embeddable":true,"href":"https:\/\/montajesinfouz.com\/en\/wp-json\/wp\/v2\/users\/1"}],"replies":[{"embeddable":true,"href":"https:\/\/montajesinfouz.com\/en\/wp-json\/wp\/v2\/comments?post=35"}],"version-history":[{"count":3,"href":"https:\/\/montajesinfouz.com\/en\/wp-json\/wp\/v2\/pages\/35\/revisions"}],"predecessor-version":[{"id":84,"href":"https:\/\/montajesinfouz.com\/en\/wp-json\/wp\/v2\/pages\/35\/revisions\/84"}],"wp:attachment":[{"href":"https:\/\/montajesinfouz.com\/en\/wp-json\/wp\/v2\/media?parent=35"}],"curies":[{"name":"wp","href":"https:\/\/api.w.org\/{rel}","templated":true}]}}