{"id":78,"date":"2025-08-19T18:03:25","date_gmt":"2025-08-19T18:03:25","guid":{"rendered":"https:\/\/montajesinfouz.com\/?page_id=78"},"modified":"2025-08-19T18:03:49","modified_gmt":"2025-08-19T18:03:49","slug":"declaracion-de-accesibilidad","status":"publish","type":"page","link":"https:\/\/montajesinfouz.com\/en\/declaracion-de-accesibilidad\/","title":{"rendered":"Declaraci\u00f3n de accesibilidad"},"content":{"rendered":"<p>Montajes InFouz se ha comprometido a hacer accesible su sitio web, de conformidad con el&nbsp;<a href=\"http:\/\/www.boe.es\/diario_boe\/txt.php?id=BOE-A-2018-12699\">Real Decreto 1112\/2018, de 7 de septiembre, sobre accesibilidad de los sitios web y aplicaciones para dispositivos m\u00f3viles del sector p\u00fablico<\/a>.<\/p>\n\n\n\n<p>La presente declaraci\u00f3n de accesibilidad se aplica al sitio web https:\/\/montajesinfouz.com<\/p>\n\n\n\n<p><strong>SITUACI\u00d3N DE CUMPLIMIENTO<\/strong><\/p>\n\n\n\n<p>Este sitio web es parcialmente conforme con el&nbsp;<a href=\"http:\/\/www.boe.es\/diario_boe\/txt.php?id=BOE-A-2018-12699\">RD 1112\/2018<\/a>&nbsp;debido a las excepciones y a la falta de conformidad de los aspectos que se indican en el siguiente punto.<\/p>\n\n\n\n<p><strong>CONTENIDO NO ACCESIBLE<\/strong><\/p>\n\n\n\n<p>El contenido que se recoge a continuaci\u00f3n no es accesible por lo siguiente:<\/p>\n\n\n\n<ul class=\"wp-block-list\">\n<li><strong>Falta de conformidad con el RD 1112\/2018<\/strong><\/li>\n<\/ul>\n\n\n\n<p>No aplica.<\/p>\n\n\n\n<ul class=\"wp-block-list\">\n<li><strong>Carga desproporcionada<\/strong><\/li>\n<\/ul>\n\n\n\n<p>No aplica.<\/p>\n\n\n\n<ul class=\"wp-block-list\">\n<li><strong>El contenido no entra dentro del \u00e1mbito de la legislaci\u00f3n aplicable<\/strong><\/li>\n<\/ul>\n\n\n\n<p>No aplica.<\/p>\n\n\n\n<p><strong>PREPARACI\u00d3N DE LA PRESENTE DECLARACI\u00d3N DE ACCESIBILIDAD<\/strong><\/p>\n\n\n\n<p>La presente declaraci\u00f3n fue preparada el 3 de mayo de 2023.<\/p>\n\n\n\n<p>El m\u00e9todo empleado para preparar la declaraci\u00f3n ha sido una autoevaluaci\u00f3n validada a trav\u00e9s de&nbsp;<a href=\"https:\/\/www.tawdis.net\/\">https:\/\/www.tawdis.net\/<\/a><\/p>\n\n\n\n<p><strong>OBSERVACIONES Y DATOS DE CONTACTO<\/strong><\/p>\n\n\n\n<p>Puede realizar&nbsp;comunicaciones&nbsp;sobre requisitos de accesibilidad (art\u00edculo 10.2.a del RD 1112\/2018) como por ejemplo:<\/p>\n\n\n\n<ul class=\"wp-block-list\">\n<li>informar sobre cualquier posible incumplimiento por parte de este sitio web<\/li>\n\n\n\n<li>transmitir otras&nbsp;dificultades de acceso&nbsp;al contenido<\/li>\n\n\n\n<li>formular cualquier otra&nbsp;consulta o sugerencia de mejora&nbsp;relativa a la accesibilidad del sitio web<\/li>\n<\/ul>\n\n\n\n<p>a trav\u00e9s de&nbsp;<a href=\"https:\/\/montajesinfouz.com\/en\/contacto\/\">la p\u00e1gina de contact<\/a><a href=\"https:\/\/danielpereznutricion.es\/contacto\/\" target=\"_blank\" rel=\"noreferrer noopener\">o<\/a>&nbsp;de este sitio web.<\/p>\n\n\n\n<p>Puede presentar:<\/p>\n\n\n\n<ul class=\"wp-block-list\">\n<li><strong>Queja&nbsp;<\/strong>relativa al cumplimiento de los requisitos del RD 1112\/2018 o<\/li>\n\n\n\n<li><strong>Solicitud de Informaci\u00f3n accesible<\/strong>&nbsp;relativa a: &nbsp; &nbsp; &nbsp; &nbsp; &nbsp; &nbsp; &nbsp; &nbsp; Contenidos que est\u00e1n excluidos del \u00e1mbito de aplicaci\u00f3n del RD 1112\/2018 seg\u00fan lo establecido por el art\u00edculo 3, apartado 4. &nbsp; &nbsp; &nbsp; &nbsp; &nbsp; &nbsp; &nbsp; &nbsp; Contenidos que est\u00e1n exentos del cumplimiento de los requisitos de accesibilidad por imponer una carga desproporcionada.<\/li>\n<\/ul>\n\n\n\n<p>En la Solicitud de informaci\u00f3n accesible, se debe concretar, con toda claridad, los hechos, razones y petici\u00f3n que permitan constatar que se trata de una solicitud razonable y leg\u00edtima.<\/p>\n\n\n\n<p>Las quejas y reclamaciones sobre informaci\u00f3n accesible se realizar\u00e1n a trav\u00e9s de la direcci\u00f3n de correo electr\u00f3nico info@montajesinfouz.com, y ser\u00e1n recibidas y tratadas por el propietario de la web.<\/p>\n\n\n\n<p><strong>PROCEDIMIENTO DE APLICACI\u00d3N<\/strong><\/p>\n\n\n\n<p>Si una vez realizada una solicitud de informaci\u00f3n accesible o queja, \u00e9sta hubiera sido desestimada, no se estuviera de acuerdo con la decisi\u00f3n adoptada, o la respuesta no cumpliera los requisitos contemplados en el art\u00edculo 12.5, la persona interesada podr\u00e1 iniciar una reclamaci\u00f3n. Igualmente se podr\u00e1 iniciar una reclamaci\u00f3n en el caso de que haya transcurrido el plazo de veinte d\u00edas h\u00e1biles sin haber obtenido respuesta.<\/p>\n\n\n\n<p><strong>CONTENIDO OPCIONAL<\/strong><\/p>\n\n\n\n<p>Este portal est\u00e1 dise\u00f1ado para poder cambiar el tama\u00f1o del texto y el color, as\u00ed como el fondo de la p\u00e1gina mediante las opciones de configuraci\u00f3n est\u00e1ndar de los navegadores.<\/p>\n\n\n\n<p>Si desea cambiar el tama\u00f1o de letra del texto en los principales navegadores gr\u00e1ficos utilice los siguientes men\u00fas:<\/p>\n\n\n\n<ul class=\"wp-block-list\">\n<li>Internet Explorer, Mozilla y Firefox: Ver &gt; Tama\u00f1o del texto<\/li>\n\n\n\n<li>Opera: Ver &gt; Zoom<\/li>\n\n\n\n<li>Safari: Ver &gt; Hacer el texto m\u00e1s grande<\/li>\n\n\n\n<li>Chrome: Controla la p\u00e1gina actual &gt; Tama\u00f1o del texto<\/li>\n\n\n\n<li>Para modificar el tama\u00f1o de todo en la p\u00e1gina:\n<ul class=\"wp-block-list\">\n<li>Ctrl + + para aumentarlo<\/li>\n\n\n\n<li>Ctrl + \u2013 para disminuirlo<\/li>\n\n\n\n<li>Ctrl + 0 restaura el tama\u00f1o original del texto<\/li>\n\n\n\n<li>Si lo que quiere es anular la hoja de estilos o modificar el color del texto, puede consultar la p\u00e1gina How to Change Text Size or Colors de la WAI, que se puede leer traducida al espa\u00f1ol en \u00bfC\u00f3mo cambiar el tama\u00f1o del texto o colores?<\/li>\n<\/ul>\n<\/li>\n<\/ul>\n\n\n\n<p><\/p>\n\n\n\n<figure class=\"wp-block-image size-large\"><img loading=\"lazy\" decoding=\"async\" width=\"1024\" height=\"96\" src=\"http:\/\/montajesinfouz.com\/wp-content\/uploads\/2025\/08\/Publicidad-Kit-Digital-scaled-1-1024x96.jpg\" alt=\"\" class=\"wp-image-52\" srcset=\"https:\/\/montajesinfouz.com\/wp-content\/uploads\/2025\/08\/Publicidad-Kit-Digital-scaled-1-1024x96.jpg 1024w, https:\/\/montajesinfouz.com\/wp-content\/uploads\/2025\/08\/Publicidad-Kit-Digital-scaled-1-300x28.jpg 300w, https:\/\/montajesinfouz.com\/wp-content\/uploads\/2025\/08\/Publicidad-Kit-Digital-scaled-1-768x72.jpg 768w, https:\/\/montajesinfouz.com\/wp-content\/uploads\/2025\/08\/Publicidad-Kit-Digital-scaled-1-1536x143.jpg 1536w, https:\/\/montajesinfouz.com\/wp-content\/uploads\/2025\/08\/Publicidad-Kit-Digital-scaled-1-2048x191.jpg 2048w\" sizes=\"auto, (max-width: 1024px) 100vw, 1024px\" \/><\/figure>","protected":false},"excerpt":{"rendered":"<p>Montajes InFouz se ha comprometido a hacer accesible su sitio web, de conformidad con el&nbsp;Real Decreto 1112\/2018, de 7 de septiembre, sobre accesibilidad de los sitios web y aplicaciones para dispositivos m\u00f3viles del sector p\u00fablico. La presente declaraci\u00f3n de accesibilidad se aplica al sitio web https:\/\/montajesinfouz.com SITUACI\u00d3N DE CUMPLIMIENTO Este sitio web es parcialmente conforme [&hellip;]<\/p>\n","protected":false},"author":1,"featured_media":0,"parent":0,"menu_order":0,"comment_status":"closed","ping_status":"closed","template":"","meta":{"footnotes":""},"class_list":["post-78","page","type-page","status-publish","hentry"],"yoast_head":"<!-- This site is optimized with the Yoast SEO plugin v27.3 - https:\/\/yoast.com\/product\/yoast-seo-wordpress\/ -->\n<title>Declaraci\u00f3n de accesibilidad - Montajes InFouz<\/title>\n<meta name=\"robots\" content=\"index, follow, max-snippet:-1, max-image-preview:large, max-video-preview:-1\" \/>\n<link rel=\"canonical\" href=\"https:\/\/montajesinfouz.com\/en\/declaracion-de-accesibilidad\/\" \/>\n<meta property=\"og:locale\" content=\"en_US\" \/>\n<meta property=\"og:type\" content=\"article\" \/>\n<meta property=\"og:title\" content=\"Declaraci\u00f3n de accesibilidad - Montajes InFouz\" \/>\n<meta property=\"og:description\" content=\"Montajes InFouz se ha comprometido a hacer accesible su sitio web, de conformidad con el&nbsp;Real Decreto 1112\/2018, de 7 de septiembre, sobre accesibilidad de los sitios web y aplicaciones para dispositivos m\u00f3viles del sector p\u00fablico. La presente declaraci\u00f3n de accesibilidad se aplica al sitio web https:\/\/montajesinfouz.com SITUACI\u00d3N DE CUMPLIMIENTO Este sitio web es parcialmente conforme [&hellip;]\" \/>\n<meta property=\"og:url\" content=\"https:\/\/montajesinfouz.com\/en\/declaracion-de-accesibilidad\/\" \/>\n<meta property=\"og:site_name\" content=\"Montajes InFouz\" \/>\n<meta property=\"article:modified_time\" content=\"2025-08-19T18:03:49+00:00\" \/>\n<meta property=\"og:image\" content=\"https:\/\/montajesinfouz.com\/wp-content\/uploads\/2025\/08\/Publicidad-Kit-Digital-scaled-1.jpg\" \/>\n\t<meta property=\"og:image:width\" content=\"2560\" \/>\n\t<meta property=\"og:image:height\" content=\"239\" \/>\n\t<meta property=\"og:image:type\" content=\"image\/jpeg\" \/>\n<meta name=\"twitter:card\" content=\"summary_large_image\" \/>\n<meta name=\"twitter:label1\" content=\"Est. reading time\" \/>\n\t<meta name=\"twitter:data1\" content=\"3 minutes\" \/>\n<script type=\"application\/ld+json\" class=\"yoast-schema-graph\">{\"@context\":\"https:\\\/\\\/schema.org\",\"@graph\":[{\"@type\":\"WebPage\",\"@id\":\"https:\\\/\\\/montajesinfouz.com\\\/declaracion-de-accesibilidad\\\/\",\"url\":\"https:\\\/\\\/montajesinfouz.com\\\/declaracion-de-accesibilidad\\\/\",\"name\":\"Declaraci\u00f3n de accesibilidad - Montajes InFouz\",\"isPartOf\":{\"@id\":\"https:\\\/\\\/montajesinfouz.com\\\/#website\"},\"primaryImageOfPage\":{\"@id\":\"https:\\\/\\\/montajesinfouz.com\\\/declaracion-de-accesibilidad\\\/#primaryimage\"},\"image\":{\"@id\":\"https:\\\/\\\/montajesinfouz.com\\\/declaracion-de-accesibilidad\\\/#primaryimage\"},\"thumbnailUrl\":\"http:\\\/\\\/montajesinfouz.com\\\/wp-content\\\/uploads\\\/2025\\\/08\\\/Publicidad-Kit-Digital-scaled-1-1024x96.jpg\",\"datePublished\":\"2025-08-19T18:03:25+00:00\",\"dateModified\":\"2025-08-19T18:03:49+00:00\",\"breadcrumb\":{\"@id\":\"https:\\\/\\\/montajesinfouz.com\\\/declaracion-de-accesibilidad\\\/#breadcrumb\"},\"inLanguage\":\"en-US\",\"potentialAction\":[{\"@type\":\"ReadAction\",\"target\":[\"https:\\\/\\\/montajesinfouz.com\\\/declaracion-de-accesibilidad\\\/\"]}]},{\"@type\":\"ImageObject\",\"inLanguage\":\"en-US\",\"@id\":\"https:\\\/\\\/montajesinfouz.com\\\/declaracion-de-accesibilidad\\\/#primaryimage\",\"url\":\"http:\\\/\\\/montajesinfouz.com\\\/wp-content\\\/uploads\\\/2025\\\/08\\\/Publicidad-Kit-Digital-scaled-1-1024x96.jpg\",\"contentUrl\":\"http:\\\/\\\/montajesinfouz.com\\\/wp-content\\\/uploads\\\/2025\\\/08\\\/Publicidad-Kit-Digital-scaled-1-1024x96.jpg\"},{\"@type\":\"BreadcrumbList\",\"@id\":\"https:\\\/\\\/montajesinfouz.com\\\/declaracion-de-accesibilidad\\\/#breadcrumb\",\"itemListElement\":[{\"@type\":\"ListItem\",\"position\":1,\"name\":\"Portada\",\"item\":\"https:\\\/\\\/montajesinfouz.com\\\/\"},{\"@type\":\"ListItem\",\"position\":2,\"name\":\"Declaraci\u00f3n de accesibilidad\"}]},{\"@type\":\"WebSite\",\"@id\":\"https:\\\/\\\/montajesinfouz.com\\\/#website\",\"url\":\"https:\\\/\\\/montajesinfouz.com\\\/\",\"name\":\"Montajes InFouz\",\"description\":\"\",\"publisher\":{\"@id\":\"https:\\\/\\\/montajesinfouz.com\\\/#organization\"},\"potentialAction\":[{\"@type\":\"SearchAction\",\"target\":{\"@type\":\"EntryPoint\",\"urlTemplate\":\"https:\\\/\\\/montajesinfouz.com\\\/?s={search_term_string}\"},\"query-input\":{\"@type\":\"PropertyValueSpecification\",\"valueRequired\":true,\"valueName\":\"search_term_string\"}}],\"inLanguage\":\"en-US\"},{\"@type\":\"Organization\",\"@id\":\"https:\\\/\\\/montajesinfouz.com\\\/#organization\",\"name\":\"Montajes InFouz\",\"url\":\"https:\\\/\\\/montajesinfouz.com\\\/\",\"logo\":{\"@type\":\"ImageObject\",\"inLanguage\":\"en-US\",\"@id\":\"https:\\\/\\\/montajesinfouz.com\\\/#\\\/schema\\\/logo\\\/image\\\/\",\"url\":\"http:\\\/\\\/montajesinfouz.com\\\/wp-content\\\/uploads\\\/2025\\\/08\\\/Portada1.jpg\",\"contentUrl\":\"http:\\\/\\\/montajesinfouz.com\\\/wp-content\\\/uploads\\\/2025\\\/08\\\/Portada1.jpg\",\"width\":720,\"height\":720,\"caption\":\"Montajes InFouz\"},\"image\":{\"@id\":\"https:\\\/\\\/montajesinfouz.com\\\/#\\\/schema\\\/logo\\\/image\\\/\"}}]}<\/script>\n<!-- \/ Yoast SEO plugin. -->","yoast_head_json":{"title":"Declaraci\u00f3n de accesibilidad - Montajes InFouz","robots":{"index":"index","follow":"follow","max-snippet":"max-snippet:-1","max-image-preview":"max-image-preview:large","max-video-preview":"max-video-preview:-1"},"canonical":"https:\/\/montajesinfouz.com\/en\/declaracion-de-accesibilidad\/","og_locale":"en_US","og_type":"article","og_title":"Declaraci\u00f3n de accesibilidad - Montajes InFouz","og_description":"Montajes InFouz se ha comprometido a hacer accesible su sitio web, de conformidad con el&nbsp;Real Decreto 1112\/2018, de 7 de septiembre, sobre accesibilidad de los sitios web y aplicaciones para dispositivos m\u00f3viles del sector p\u00fablico. La presente declaraci\u00f3n de accesibilidad se aplica al sitio web https:\/\/montajesinfouz.com SITUACI\u00d3N DE CUMPLIMIENTO Este sitio web es parcialmente conforme [&hellip;]","og_url":"https:\/\/montajesinfouz.com\/en\/declaracion-de-accesibilidad\/","og_site_name":"Montajes InFouz","article_modified_time":"2025-08-19T18:03:49+00:00","og_image":[{"width":2560,"height":239,"url":"https:\/\/montajesinfouz.com\/wp-content\/uploads\/2025\/08\/Publicidad-Kit-Digital-scaled-1.jpg","type":"image\/jpeg"}],"twitter_card":"summary_large_image","twitter_misc":{"Est. reading time":"3 minutes"},"schema":{"@context":"https:\/\/schema.org","@graph":[{"@type":"WebPage","@id":"https:\/\/montajesinfouz.com\/declaracion-de-accesibilidad\/","url":"https:\/\/montajesinfouz.com\/declaracion-de-accesibilidad\/","name":"Declaraci\u00f3n de accesibilidad - Montajes InFouz","isPartOf":{"@id":"https:\/\/montajesinfouz.com\/#website"},"primaryImageOfPage":{"@id":"https:\/\/montajesinfouz.com\/declaracion-de-accesibilidad\/#primaryimage"},"image":{"@id":"https:\/\/montajesinfouz.com\/declaracion-de-accesibilidad\/#primaryimage"},"thumbnailUrl":"http:\/\/montajesinfouz.com\/wp-content\/uploads\/2025\/08\/Publicidad-Kit-Digital-scaled-1-1024x96.jpg","datePublished":"2025-08-19T18:03:25+00:00","dateModified":"2025-08-19T18:03:49+00:00","breadcrumb":{"@id":"https:\/\/montajesinfouz.com\/declaracion-de-accesibilidad\/#breadcrumb"},"inLanguage":"en-US","potentialAction":[{"@type":"ReadAction","target":["https:\/\/montajesinfouz.com\/declaracion-de-accesibilidad\/"]}]},{"@type":"ImageObject","inLanguage":"en-US","@id":"https:\/\/montajesinfouz.com\/declaracion-de-accesibilidad\/#primaryimage","url":"http:\/\/montajesinfouz.com\/wp-content\/uploads\/2025\/08\/Publicidad-Kit-Digital-scaled-1-1024x96.jpg","contentUrl":"http:\/\/montajesinfouz.com\/wp-content\/uploads\/2025\/08\/Publicidad-Kit-Digital-scaled-1-1024x96.jpg"},{"@type":"BreadcrumbList","@id":"https:\/\/montajesinfouz.com\/declaracion-de-accesibilidad\/#breadcrumb","itemListElement":[{"@type":"ListItem","position":1,"name":"Portada","item":"https:\/\/montajesinfouz.com\/"},{"@type":"ListItem","position":2,"name":"Declaraci\u00f3n de accesibilidad"}]},{"@type":"WebSite","@id":"https:\/\/montajesinfouz.com\/#website","url":"https:\/\/montajesinfouz.com\/","name":"Montajes InFouz","description":"","publisher":{"@id":"https:\/\/montajesinfouz.com\/#organization"},"potentialAction":[{"@type":"SearchAction","target":{"@type":"EntryPoint","urlTemplate":"https:\/\/montajesinfouz.com\/?s={search_term_string}"},"query-input":{"@type":"PropertyValueSpecification","valueRequired":true,"valueName":"search_term_string"}}],"inLanguage":"en-US"},{"@type":"Organization","@id":"https:\/\/montajesinfouz.com\/#organization","name":"Montajes InFouz","url":"https:\/\/montajesinfouz.com\/","logo":{"@type":"ImageObject","inLanguage":"en-US","@id":"https:\/\/montajesinfouz.com\/#\/schema\/logo\/image\/","url":"http:\/\/montajesinfouz.com\/wp-content\/uploads\/2025\/08\/Portada1.jpg","contentUrl":"http:\/\/montajesinfouz.com\/wp-content\/uploads\/2025\/08\/Portada1.jpg","width":720,"height":720,"caption":"Montajes InFouz"},"image":{"@id":"https:\/\/montajesinfouz.com\/#\/schema\/logo\/image\/"}}]}},"_links":{"self":[{"href":"https:\/\/montajesinfouz.com\/en\/wp-json\/wp\/v2\/pages\/78","targetHints":{"allow":["GET"]}}],"collection":[{"href":"https:\/\/montajesinfouz.com\/en\/wp-json\/wp\/v2\/pages"}],"about":[{"href":"https:\/\/montajesinfouz.com\/en\/wp-json\/wp\/v2\/types\/page"}],"author":[{"embeddable":true,"href":"https:\/\/montajesinfouz.com\/en\/wp-json\/wp\/v2\/users\/1"}],"replies":[{"embeddable":true,"href":"https:\/\/montajesinfouz.com\/en\/wp-json\/wp\/v2\/comments?post=78"}],"version-history":[{"count":3,"href":"https:\/\/montajesinfouz.com\/en\/wp-json\/wp\/v2\/pages\/78\/revisions"}],"predecessor-version":[{"id":81,"href":"https:\/\/montajesinfouz.com\/en\/wp-json\/wp\/v2\/pages\/78\/revisions\/81"}],"wp:attachment":[{"href":"https:\/\/montajesinfouz.com\/en\/wp-json\/wp\/v2\/media?parent=78"}],"curies":[{"name":"wp","href":"https:\/\/api.w.org\/{rel}","templated":true}]}}